{"id":11374,"date":"2022-07-19T15:14:14","date_gmt":"2022-07-19T13:14:14","guid":{"rendered":"https:\/\/story-to-go.com\/?page_id=11374"},"modified":"2022-09-27T13:30:24","modified_gmt":"2022-09-27T11:30:24","slug":"storytogo","status":"publish","type":"page","link":"https:\/\/story-to-go.com\/fr\/storytogo\/","title":{"rendered":"StoryToGo"},"content":{"rendered":"<div class=\"gb-container gb-container-911e2ec5\"><div class=\"gb-inside-container\">\n\n<div style=\"height:40px\" aria-hidden=\"true\" class=\"wp-block-spacer\"><\/div>\n\n\n\n<h2 class=\"gb-headline gb-headline-30c6aedb gb-headline-text\">O\u00f9 que tu sois et quoi que tu fasses &#8211; nous sommes l\u00e0.<\/h2>\n\n\n\n<p>Nous transmettons des histoires aux gens. Celles-ci peuvent \u00eatre consult\u00e9es en tout temps et partag\u00e9es directement.<br><\/p>\n\n\n\n<div class=\"wp-block-cover storytogo-rounded\" style=\"min-height:300px;aspect-ratio:unset;\"><span aria-hidden=\"true\" class=\"wp-block-cover__background has-background-dim-0 has-background-dim\"><\/span><img loading=\"lazy\" decoding=\"async\" width=\"1200\" height=\"1306\" class=\"wp-block-cover__image-background wp-image-11056\" alt=\"\" src=\"https:\/\/story-to-go.com\/wp-content\/uploads\/2022\/08\/storytogo-geschichten.jpg\" style=\"object-position:45% 56%\" data-object-fit=\"cover\" data-object-position=\"45% 56%\" srcset=\"https:\/\/story-to-go.com\/wp-content\/uploads\/2022\/08\/storytogo-geschichten.jpg 1200w, https:\/\/story-to-go.com\/wp-content\/uploads\/2022\/08\/storytogo-geschichten-276x300.jpg 276w, https:\/\/story-to-go.com\/wp-content\/uploads\/2022\/08\/storytogo-geschichten-941x1024.jpg 941w, https:\/\/story-to-go.com\/wp-content\/uploads\/2022\/08\/storytogo-geschichten-768x836.jpg 768w, https:\/\/story-to-go.com\/wp-content\/uploads\/2022\/08\/storytogo-geschichten-150x163.jpg 150w\" sizes=\"auto, (max-width: 1200px) 100vw, 1200px\" \/><div class=\"wp-block-cover__inner-container is-layout-flow wp-block-cover-is-layout-flow\">\n<h2 class=\"gb-headline gb-headline-c75ce533 gb-headline-text\">Des histoires<br>\u00e0 emporter.<\/h2>\n\n\n\n<hr class=\"wp-block-separator has-text-color has-base-2-color has-alpha-channel-opacity has-base-2-background-color has-background half-sep-2\"\/>\n\n\n\n<p class=\"has-text-align-center has-base-3-color has-text-color\"><\/p>\n<\/div><\/div>\n\n\n<div class=\"gb-grid-wrapper gb-grid-wrapper-43b2abf1 center-button\">\n<div class=\"gb-grid-column gb-grid-column-a70a1b52\"><div class=\"gb-container gb-container-a70a1b52\"><div class=\"gb-inside-container\">\n\n<div style=\"height:20px\" aria-hidden=\"true\" class=\"wp-block-spacer\"><\/div>\n\n\n<div class=\"gb-button-wrapper gb-button-wrapper-e2b663b2\">\n\n<a class=\"gb-button gb-button-f1e1f6d9 gb-button-text smooth-scroll\" href=\"#kontakt\">Contact<\/a>\n\n<\/div>\n<\/div><\/div><\/div>\n<\/div>\n\n\n<div style=\"height:30px\" aria-hidden=\"true\" class=\"wp-block-spacer\"><\/div>\n\n\n\n<h2 class=\"gb-headline gb-headline-38569d93 gb-headline-text\">Allons-y<\/h2>\n\n\n\n<p>Nous relions ton histoire \u00e0 la bonne plateforme \u2013 quelques clics et tu as tes lecteurs-trices l\u00e0 o\u00f9 tu veux qu\u2019ils soient.<\/p>\n\n\n\n<div style=\"height:10px\" aria-hidden=\"true\" class=\"wp-block-spacer\"><\/div>\n\n<\/div><\/div>\n\n<div class=\"gb-container gb-container-71888be4\"><div class=\"gb-inside-container\">\n\n<h2 class=\"gb-headline gb-headline-162c869d gb-headline-text\">Notre priorit\u00e9&nbsp;:<br>Mobile first !<\/h2>\n\n\n\n<hr class=\"wp-block-separator has-text-color has-base-3-color has-alpha-channel-opacity has-base-3-background-color has-background is-style-wide half-sep\"\/>\n\n<\/div><\/div>\n\n<div class=\"gb-container gb-container-a8e8178e\" style=\"background-image: url(https:\/\/story-to-go.com\/wp-content\/uploads\/2022\/08\/storytogo-phone-min.png);\"><div class=\"gb-inside-container\">\n\n<div style=\"height:300px\" aria-hidden=\"true\" class=\"wp-block-spacer\"><\/div>\n\n<\/div><\/div>\n\n<div class=\"gb-container gb-container-9d3d2c2c\"><div class=\"gb-inside-container\">\n<div class=\"gb-grid-wrapper gb-grid-wrapper-a9478a3c center-button\">\n<div class=\"gb-grid-column gb-grid-column-b86753ec\"><div class=\"gb-container gb-container-b86753ec center-button\"><div class=\"gb-inside-container\">\n<div class=\"gb-button-wrapper gb-button-wrapper-12e15598\">\n\n<a class=\"gb-button gb-button-37d6dcee gb-button-text center-button smooth-scroll\" href=\"#kontakt\">Contact<\/a>\n\n<\/div>\n<\/div><\/div><\/div>\n<\/div>\n\n\n<h2 class=\"gb-headline gb-headline-95e94ded gb-headline-text\">L\u2019exp\u00e9rience rencontre l\u2019innovation<\/h2>\n\n\n\n<p>StorytoGo est un projet d\u2019innovation de Corris AG. Nous donnons un nouveau foyer aux histoires et allons chercher les gens l\u00e0 o\u00f9 ils se trouvent.<\/p>\n\n\n\n<div style=\"height:30px\" aria-hidden=\"true\" class=\"wp-block-spacer\"><\/div>\n\n\n<div class=\"gb-grid-wrapper gb-grid-wrapper-a8bcbc96\">\n<div class=\"gb-grid-column gb-grid-column-ba31d370\"><div class=\"gb-container gb-container-ba31d370\"><div class=\"gb-inside-container\">\n<div class=\"wp-block-image\">\n<figure class=\"aligncenter size-large is-resized\"><img loading=\"lazy\" decoding=\"async\" src=\"https:\/\/story-to-go.com\/wp-content\/uploads\/2022\/01\/Corris_Logo_2022.svg\" alt=\"\" class=\"wp-image-8837\" width=\"105\" height=\"27\"\/><\/figure>\n<\/div>\n<\/div><\/div><\/div>\n\n<div class=\"gb-grid-column gb-grid-column-4ad6c8a7\"><div class=\"gb-container gb-container-4ad6c8a7\"><div class=\"gb-inside-container\">\n<div class=\"wp-block-image\">\n<figure class=\"aligncenter size-large is-resized\"><img loading=\"lazy\" decoding=\"async\" src=\"https:\/\/story-to-go.com\/wp-content\/uploads\/2022\/08\/StoryToGo-logo-dark.svg\" alt=\"\" class=\"wp-image-10982\" width=\"97\" height=\"39\"\/><\/figure>\n<\/div>\n<\/div><\/div><\/div>\n<\/div>\n\n\n<div style=\"height:173px\" aria-hidden=\"true\" class=\"wp-block-spacer\"><\/div>\n\n\n\n<p><a href=\"https:\/\/story-to-go.com\/web-stories\/concordia-fr\/\" data-type=\"web-story\" data-id=\"11158\" target=\"_blank\" rel=\"noreferrer noopener\">Example 1 &#8211; Concordia<\/a><\/p>\n\n<\/div><\/div>\n\n\n<div style=\"height:100px\" aria-hidden=\"true\" class=\"wp-block-spacer\"><\/div>\n\n\n<div class=\"gb-container gb-container-b4345916\" style=\"background-image: url(https:\/\/story-to-go.com\/wp-content\/uploads\/2022\/08\/sstorytogo-bottom-background.jpg);\"><div class=\"gb-inside-container\">\n\n<div style=\"height:373px\" aria-hidden=\"true\" class=\"wp-block-spacer\"><\/div>\n\n<\/div><\/div>","protected":false},"excerpt":{"rendered":"<p>O\u00f9 que tu sois et quoi que tu fasses &#8211; nous sommes l\u00e0. Nous transmettons des histoires aux gens. Celles-ci peuvent \u00eatre consult\u00e9es en tout temps et partag\u00e9es directement. Allons-y Nous relions ton histoire \u00e0 la bonne plateforme \u2013 quelques clics et tu as tes lecteurs-trices l\u00e0 o\u00f9 tu veux qu\u2019ils soient. Notre priorit\u00e9&nbsp;:Mobile first &#8230; <a title=\"StoryToGo\" class=\"read-more\" href=\"https:\/\/story-to-go.com\/fr\/storytogo\/\" aria-label=\"En savoir plus sur StoryToGo\">Lire plus<\/a><\/p>\n","protected":false},"author":2,"featured_media":0,"parent":0,"menu_order":0,"comment_status":"closed","ping_status":"closed","template":"","meta":{"_acf_changed":false,"inline_featured_image":false,"_uag_custom_page_level_css":"","advgb_blocks_editor_width":"","advgb_blocks_columns_visual_guide":"","footnotes":""},"class_list":["post-11374","page","type-page","status-publish"],"acf":[],"uagb_featured_image_src":{"full":false,"thumbnail":false,"medium":false,"medium_large":false,"large":false,"1536x1536":false,"2048x2048":false,"web-stories-poster-portrait":false,"web-stories-publisher-logo":false,"web-stories-thumbnail":false},"uagb_author_info":{"display_name":"Dagmar Mandl-Werner","author_link":"https:\/\/story-to-go.com\/fr\/author\/dmandl\/"},"uagb_comment_info":0,"uagb_excerpt":"O\u00f9 que tu sois et quoi que tu fasses &#8211; nous sommes l\u00e0. Nous transmettons des histoires aux gens. Celles-ci peuvent \u00eatre consult\u00e9es en tout temps et partag\u00e9es directement. Allons-y Nous relions ton histoire \u00e0 la bonne plateforme \u2013 quelques clics et tu as tes lecteurs-trices l\u00e0 o\u00f9 tu veux qu\u2019ils soient. Notre priorit\u00e9&nbsp;:Mobile first\u2026","coauthors":[],"author_meta":{"author_link":"https:\/\/story-to-go.com\/fr\/author\/dmandl\/","display_name":"Dagmar Mandl-Werner"},"relative_dates":{"created":"Publi\u00e9 4 ans il y a","modified":"Mis \u00e0 jour 4 ans il y a"},"absolute_dates":{"created":"Publi\u00e9 le 19 juillet 2022","modified":"Mise \u00e0 jour le 27 septembre 2022"},"absolute_dates_time":{"created":"Publi\u00e9 le 19 juillet 2022 15h14","modified":"Mise \u00e0 jour le 27 septembre 2022 13h30"},"featured_img_caption":"","featured_img":false,"series_order":"","_links":{"self":[{"href":"https:\/\/story-to-go.com\/fr\/wp-json\/wp\/v2\/pages\/11374","targetHints":{"allow":["GET"]}}],"collection":[{"href":"https:\/\/story-to-go.com\/fr\/wp-json\/wp\/v2\/pages"}],"about":[{"href":"https:\/\/story-to-go.com\/fr\/wp-json\/wp\/v2\/types\/page"}],"author":[{"embeddable":true,"href":"https:\/\/story-to-go.com\/fr\/wp-json\/wp\/v2\/users\/2"}],"replies":[{"embeddable":true,"href":"https:\/\/story-to-go.com\/fr\/wp-json\/wp\/v2\/comments?post=11374"}],"version-history":[{"count":5,"href":"https:\/\/story-to-go.com\/fr\/wp-json\/wp\/v2\/pages\/11374\/revisions"}],"predecessor-version":[{"id":12188,"href":"https:\/\/story-to-go.com\/fr\/wp-json\/wp\/v2\/pages\/11374\/revisions\/12188"}],"wp:attachment":[{"href":"https:\/\/story-to-go.com\/fr\/wp-json\/wp\/v2\/media?parent=11374"}],"curies":[{"name":"wp","href":"https:\/\/api.w.org\/{rel}","templated":true}]}}