{"id":11618,"date":"2022-07-27T10:58:09","date_gmt":"2022-07-27T08:58:09","guid":{"rendered":"https:\/\/story-to-go.com\/?page_id=11618"},"modified":"2022-08-17T18:26:13","modified_gmt":"2022-08-17T16:26:13","slug":"merci","status":"publish","type":"page","link":"https:\/\/story-to-go.com\/fr\/concordia\/merci\/","title":{"rendered":"Merci"},"content":{"rendered":"\n<div style=\"height:100px\" aria-hidden=\"true\" class=\"wp-block-spacer\"><\/div>\n\n\n\n<h1 class=\"gb-headline gb-headline-d1a1d4b5 gb-headline-text\"> Nous te remercions de tout coeur pour ton don !<\/h1>\n","protected":false},"excerpt":{"rendered":"<p>Nous te remercions de tout coeur pour ton don !<\/p>\n","protected":false},"author":2,"featured_media":0,"parent":11627,"menu_order":0,"comment_status":"closed","ping_status":"closed","template":"page-notice.php","meta":{"_acf_changed":false,"inline_featured_image":false,"_uag_custom_page_level_css":"","advgb_blocks_editor_width":"","advgb_blocks_columns_visual_guide":"","footnotes":""},"class_list":["post-11618","page","type-page","status-publish"],"acf":[],"uagb_featured_image_src":{"full":false,"thumbnail":false,"medium":false,"medium_large":false,"large":false,"1536x1536":false,"2048x2048":false,"web-stories-poster-portrait":false,"web-stories-publisher-logo":false,"web-stories-thumbnail":false},"uagb_author_info":{"display_name":"Dagmar Mandl-Werner","author_link":"https:\/\/story-to-go.com\/fr\/author\/dmandl\/"},"uagb_comment_info":0,"uagb_excerpt":"Nous te remercions de tout coeur pour ton don !","coauthors":[],"author_meta":{"author_link":"https:\/\/story-to-go.com\/fr\/author\/dmandl\/","display_name":"Dagmar Mandl-Werner"},"relative_dates":{"created":"Publi\u00e9 4 ans il y a","modified":"Mis \u00e0 jour 4 ans il y a"},"absolute_dates":{"created":"Publi\u00e9 le 27 juillet 2022","modified":"Mise \u00e0 jour le 17 ao\u00fbt 2022"},"absolute_dates_time":{"created":"Publi\u00e9 le 27 juillet 2022 10h58","modified":"Mise \u00e0 jour le 17 ao\u00fbt 2022 18h26"},"featured_img_caption":"","featured_img":false,"series_order":"","_links":{"self":[{"href":"https:\/\/story-to-go.com\/fr\/wp-json\/wp\/v2\/pages\/11618","targetHints":{"allow":["GET"]}}],"collection":[{"href":"https:\/\/story-to-go.com\/fr\/wp-json\/wp\/v2\/pages"}],"about":[{"href":"https:\/\/story-to-go.com\/fr\/wp-json\/wp\/v2\/types\/page"}],"author":[{"embeddable":true,"href":"https:\/\/story-to-go.com\/fr\/wp-json\/wp\/v2\/users\/2"}],"replies":[{"embeddable":true,"href":"https:\/\/story-to-go.com\/fr\/wp-json\/wp\/v2\/comments?post=11618"}],"version-history":[{"count":9,"href":"https:\/\/story-to-go.com\/fr\/wp-json\/wp\/v2\/pages\/11618\/revisions"}],"predecessor-version":[{"id":11708,"href":"https:\/\/story-to-go.com\/fr\/wp-json\/wp\/v2\/pages\/11618\/revisions\/11708"}],"up":[{"embeddable":true,"href":"https:\/\/story-to-go.com\/fr\/wp-json\/wp\/v2\/pages\/11627"}],"wp:attachment":[{"href":"https:\/\/story-to-go.com\/fr\/wp-json\/wp\/v2\/media?parent=11618"}],"curies":[{"name":"wp","href":"https:\/\/api.w.org\/{rel}","templated":true}]}}