{"id":11620,"date":"2022-07-20T12:35:32","date_gmt":"2022-07-20T10:35:32","guid":{"rendered":"https:\/\/story-to-go.com\/?page_id=11620"},"modified":"2023-10-04T10:25:01","modified_gmt":"2023-10-04T08:25:01","slug":"step-2","status":"publish","type":"page","link":"https:\/\/story-to-go.com\/fr\/concordia\/step-2\/","title":{"rendered":"Step 2"},"content":{"rendered":"<form id=\"cris-cf-conversational-form\" data-submit-url=\"https:\/\/cris.corris.ch\/rest\/public\/donation\/update\" data-robot-image=\"https:\/\/story-to-go.com\/wp-content\/uploads\/2022\/07\/concordia-robot.png\" data-user-image=\"https:\/\/story-to-go.com\/wp-content\/plugins\/cris-conversational-form\/assets\/images\/user.png\">\n\t<cf-robot-message cf-questions=\"Merci beaucoup pour ton don !\" \/>\n\t<cf-robot-message cf-questions=\"Pour que nous puissions t'informer de l'utilisation de ton don, nous avons encore besoin de quelques informations.\" \/>\n\t<input type=\"text\" id=\"firstname\" name=\"firstname\" cf-questions=\"Quel est ton pr\u00e9nom ?\" cf-input-placeholder=\"don pr\u00e9nom...\" cf-error=\"Saisie n\u00e9cessaire\" required \/>\n\t<input type=\"text\" id=\"lastname\" name=\"lastname\" cf-questions=\"Bonjour {firstname}, quel est ton nom de famille ?\" cf-input-placeholder=\"ton nom de famille...\" cf-error=\"Saisie n\u00e9cessaire\" required \/>\n\t<input type=\"email\" id=\"email\" name=\"email\" cf-questions=\"Tr\u00e8s joli nom ! Nous avons \u00e9galement besoin de ton adresse e-mail :\" cf-input-placeholder=\"ton e-mail...\" cf-error=\"Saisie n\u00e9cessaire\" required \/>\n\t<fieldset cf-questions=\"Comment pouvons-nous nous adresser \u00e0 toi ?\" cf-input-placeholder=\"merci de s\u00e9lectionne...\"\n\t\tcf-error=\"Mauvaise s\u00e9lection !\">\n\t\t<label for=\"male\">Moniseur<\/label>\n\t\t<input type=\"radio\" name=\"sex\" id=\"male\" value=\"m\"><br>\n\t\t<label for=\"female\">Madame<\/label>\n\t\t<input type=\"radio\" name=\"sex\" id=\"female\" value=\"f\"><br>\n\t\t<label for=\"none\">autre<\/label>\n\t\t<input type=\"radio\" name=\"sex\" id=\"none\" value=\"\"><br>\n\t<\/fieldset>\n\t<cf-robot-message cf-questions=\"Merci beaucoup ! Tes donn\u00e9es seront transmises...\" \/>\n<\/form>\n","protected":false},"excerpt":{"rendered":"","protected":false},"author":2,"featured_media":0,"parent":11627,"menu_order":0,"comment_status":"closed","ping_status":"closed","template":"page-chat.php","meta":{"_acf_changed":false,"inline_featured_image":false,"_uag_custom_page_level_css":"","advgb_blocks_editor_width":"","advgb_blocks_columns_visual_guide":"","footnotes":""},"class_list":["post-11620","page","type-page","status-publish"],"acf":[],"uagb_featured_image_src":{"full":false,"thumbnail":false,"medium":false,"medium_large":false,"large":false,"1536x1536":false,"2048x2048":false,"web-stories-poster-portrait":false,"web-stories-publisher-logo":false,"web-stories-thumbnail":false},"uagb_author_info":{"display_name":"Dagmar Mandl-Werner","author_link":"https:\/\/story-to-go.com\/fr\/author\/dmandl\/"},"uagb_comment_info":0,"uagb_excerpt":null,"coauthors":[],"author_meta":{"author_link":"https:\/\/story-to-go.com\/fr\/author\/dmandl\/","display_name":"Dagmar Mandl-Werner"},"relative_dates":{"created":"Publi\u00e9 4 ans il y a","modified":"Mis \u00e0 jour 3 ans il y a"},"absolute_dates":{"created":"Publi\u00e9 le 20 juillet 2022","modified":"Mise \u00e0 jour le 4 octobre 2023"},"absolute_dates_time":{"created":"Publi\u00e9 le 20 juillet 2022 12h35","modified":"Mise \u00e0 jour le 4 octobre 2023 10h25"},"featured_img_caption":"","featured_img":false,"series_order":"","_links":{"self":[{"href":"https:\/\/story-to-go.com\/fr\/wp-json\/wp\/v2\/pages\/11620","targetHints":{"allow":["GET"]}}],"collection":[{"href":"https:\/\/story-to-go.com\/fr\/wp-json\/wp\/v2\/pages"}],"about":[{"href":"https:\/\/story-to-go.com\/fr\/wp-json\/wp\/v2\/types\/page"}],"author":[{"embeddable":true,"href":"https:\/\/story-to-go.com\/fr\/wp-json\/wp\/v2\/users\/2"}],"replies":[{"embeddable":true,"href":"https:\/\/story-to-go.com\/fr\/wp-json\/wp\/v2\/comments?post=11620"}],"version-history":[{"count":8,"href":"https:\/\/story-to-go.com\/fr\/wp-json\/wp\/v2\/pages\/11620\/revisions"}],"predecessor-version":[{"id":17457,"href":"https:\/\/story-to-go.com\/fr\/wp-json\/wp\/v2\/pages\/11620\/revisions\/17457"}],"up":[{"embeddable":true,"href":"https:\/\/story-to-go.com\/fr\/wp-json\/wp\/v2\/pages\/11627"}],"wp:attachment":[{"href":"https:\/\/story-to-go.com\/fr\/wp-json\/wp\/v2\/media?parent=11620"}],"curies":[{"name":"wp","href":"https:\/\/api.w.org\/{rel}","templated":true}]}}