{"id":11872,"date":"2022-09-15T11:26:01","date_gmt":"2022-09-15T09:26:01","guid":{"rendered":"https:\/\/story-to-go.com\/?page_id=11872"},"modified":"2022-11-07T15:50:31","modified_gmt":"2022-11-07T14:50:31","slug":"greencross","status":"publish","type":"page","link":"https:\/\/story-to-go.com\/fr\/greencross\/","title":{"rendered":"Greencross"},"content":{"rendered":"<form id=\"cris-cf-conversational-form\" data-submit-url=\"https:\/\/cris.corris.ch\/rest\/public\/payment\/donation\" data-robot-image=\"https:\/\/story-to-go.com\/wp-content\/uploads\/2022\/09\/Green-Cross-Icon.png\" data-user-image=\"https:\/\/story-to-go.com\/wp-content\/plugins\/cris-conversational-form\/assets\/images\/user.png\">\n\t<cf-robot-message cf-questions=\"Hey ! C'est g\u00e9nial que tu sois l\u00e0 !\" \/>\n\t<cf-robot-message cf-questions='Afin que nous puissions recevoir ton don en toute s\u00e9curit\u00e9, nous avons besoin de certaines de tes donn\u00e9es. Sans ton accord, nous ne pourrons pas recevoir ton don. Tu en apprendras plus dans notre <a target=\"_blank\" href=\"https:\/\/cris.corris.ch\/rest\/public\/privacypolicy\/fr\/GC\">d\u00e9claration de protection des donn\u00e9es<\/a>.' \/>\n\t<fieldset cf-questions=\"Accepte si tu es d'accord.\" cf-input-placeholder=\"merci de s\u00e9lectionne...\"\n\t\tcf-error=\"s\u00e9lectionne error!\">\n\t\t<label for=\"yes\">oui<\/label>\n\t\t<input type=\"radio\" name=\"selected_privacy\" id=\"yes\" value=\"1\"><br>\n\t<\/fieldset>\n\t<input type=\"hidden\" id=\"project_uuid\" name=\"project_uuid\" value=\"75d37b0b-680b-423d-b336-f94ad9a14e41\" \/>\n\t<fieldset cf-questions=\"Quel montant souhaites-tu donner ?\" cf-input-placeholder=\"merci de s\u00e9lectionne...\"\n\t\tcf-error=\"s\u00e9lectionne error!\">\n\t\t<label for=\"chf10\">CHF 10<\/label>\n\t\t<input type=\"radio\" name=\"selected_amount\" id=\"chf10\" value=\"10\"><br>\n\t\t<label for=\"chf20\">CHF 20<\/label>\n\t\t<input type=\"radio\" name=\"selected_amount\" id=\"chf20\" value=\"20\"><br>\n\t\t<label for=\"chf50\">CHF 50<\/label>\n\t\t<input type=\"radio\" name=\"selected_amount\" id=\"chf50\" value=\"50\"><br>\n\t\t<label for=\"chfother\">autre montant<\/label>\n\t\t<input type=\"radio\" name=\"selected_amount\" id=\"chfother\" value=\"o\"><br>\n\t<\/fieldset>\n\t<input type=\"number\" name=\"amount\" min=\"1\" cf-conditional-selected_amount=\"o\" cf-questions=\"Merci de saisir le montant :\" cf-input-placeholder=\"merci de s\u00e9lectionner...\" cf-error=\"Montant minimum 1 CHF\" required \/>\n\t<cf-robot-message cf-questions=\"Wow, merci ! Tu seras imm\u00e9diatement redirig\u00e9 vers le paiement.\" \/>\n<\/form>\n","protected":false},"excerpt":{"rendered":"","protected":false},"author":2,"featured_media":0,"parent":0,"menu_order":0,"comment_status":"closed","ping_status":"closed","template":"page-chat.php","meta":{"_acf_changed":false,"inline_featured_image":false,"_uag_custom_page_level_css":"","advgb_blocks_editor_width":"","advgb_blocks_columns_visual_guide":"","footnotes":""},"class_list":["post-11872","page","type-page","status-publish"],"acf":[],"uagb_featured_image_src":{"full":false,"thumbnail":false,"medium":false,"medium_large":false,"large":false,"1536x1536":false,"2048x2048":false,"web-stories-poster-portrait":false,"web-stories-publisher-logo":false,"web-stories-thumbnail":false},"uagb_author_info":{"display_name":"Dagmar Mandl-Werner","author_link":"https:\/\/story-to-go.com\/fr\/author\/dmandl\/"},"uagb_comment_info":0,"uagb_excerpt":null,"coauthors":[],"author_meta":{"author_link":"https:\/\/story-to-go.com\/fr\/author\/dmandl\/","display_name":"Dagmar Mandl-Werner"},"relative_dates":{"created":"Publi\u00e9 4 ans il y a","modified":"Mis \u00e0 jour 3 ans il y a"},"absolute_dates":{"created":"Publi\u00e9 le 15 septembre 2022","modified":"Mise \u00e0 jour le 7 novembre 2022"},"absolute_dates_time":{"created":"Publi\u00e9 le 15 septembre 2022 11h26","modified":"Mise \u00e0 jour le 7 novembre 2022 15h50"},"featured_img_caption":"","featured_img":false,"series_order":"","_links":{"self":[{"href":"https:\/\/story-to-go.com\/fr\/wp-json\/wp\/v2\/pages\/11872","targetHints":{"allow":["GET"]}}],"collection":[{"href":"https:\/\/story-to-go.com\/fr\/wp-json\/wp\/v2\/pages"}],"about":[{"href":"https:\/\/story-to-go.com\/fr\/wp-json\/wp\/v2\/types\/page"}],"author":[{"embeddable":true,"href":"https:\/\/story-to-go.com\/fr\/wp-json\/wp\/v2\/users\/2"}],"replies":[{"embeddable":true,"href":"https:\/\/story-to-go.com\/fr\/wp-json\/wp\/v2\/comments?post=11872"}],"version-history":[{"count":6,"href":"https:\/\/story-to-go.com\/fr\/wp-json\/wp\/v2\/pages\/11872\/revisions"}],"predecessor-version":[{"id":12981,"href":"https:\/\/story-to-go.com\/fr\/wp-json\/wp\/v2\/pages\/11872\/revisions\/12981"}],"wp:attachment":[{"href":"https:\/\/story-to-go.com\/fr\/wp-json\/wp\/v2\/media?parent=11872"}],"curies":[{"name":"wp","href":"https:\/\/api.w.org\/{rel}","templated":true}]}}