{"id":11885,"date":"2022-09-15T11:51:48","date_gmt":"2022-09-15T09:51:48","guid":{"rendered":"https:\/\/story-to-go.com\/?page_id=11885"},"modified":"2022-11-07T15:51:47","modified_gmt":"2022-11-07T14:51:47","slug":"merci","status":"publish","type":"page","link":"https:\/\/story-to-go.com\/fr\/greencross\/merci\/","title":{"rendered":"Merci"},"content":{"rendered":"\n<div style=\"height:100px\" aria-hidden=\"true\" class=\"wp-block-spacer\"><\/div>\n\n\n\n<h1 class=\"gb-headline gb-headline-d1a1d4b5 gb-headline-text\"> Nous te remercions de tout coeur pour ton don !<\/h1>\n","protected":false},"excerpt":{"rendered":"<p>Nous te remercions de tout coeur pour ton don !<\/p>\n","protected":false},"author":2,"featured_media":0,"parent":11872,"menu_order":0,"comment_status":"closed","ping_status":"closed","template":"page-notice.php","meta":{"_acf_changed":false,"inline_featured_image":false,"_uag_custom_page_level_css":"","advgb_blocks_editor_width":"","advgb_blocks_columns_visual_guide":"","footnotes":""},"class_list":["post-11885","page","type-page","status-publish"],"acf":[],"uagb_featured_image_src":{"full":false,"thumbnail":false,"medium":false,"medium_large":false,"large":false,"1536x1536":false,"2048x2048":false,"web-stories-poster-portrait":false,"web-stories-publisher-logo":false,"web-stories-thumbnail":false},"uagb_author_info":{"display_name":"Dagmar Mandl-Werner","author_link":"https:\/\/story-to-go.com\/fr\/author\/dmandl\/"},"uagb_comment_info":0,"uagb_excerpt":"Nous te remercions de tout coeur pour ton don !","coauthors":[],"author_meta":{"author_link":"https:\/\/story-to-go.com\/fr\/author\/dmandl\/","display_name":"Dagmar Mandl-Werner"},"relative_dates":{"created":"Publi\u00e9 4 ans il y a","modified":"Mis \u00e0 jour 3 ans il y a"},"absolute_dates":{"created":"Publi\u00e9 le 15 septembre 2022","modified":"Mise \u00e0 jour le 7 novembre 2022"},"absolute_dates_time":{"created":"Publi\u00e9 le 15 septembre 2022 11h51","modified":"Mise \u00e0 jour le 7 novembre 2022 15h51"},"featured_img_caption":"","featured_img":false,"series_order":"","_links":{"self":[{"href":"https:\/\/story-to-go.com\/fr\/wp-json\/wp\/v2\/pages\/11885","targetHints":{"allow":["GET"]}}],"collection":[{"href":"https:\/\/story-to-go.com\/fr\/wp-json\/wp\/v2\/pages"}],"about":[{"href":"https:\/\/story-to-go.com\/fr\/wp-json\/wp\/v2\/types\/page"}],"author":[{"embeddable":true,"href":"https:\/\/story-to-go.com\/fr\/wp-json\/wp\/v2\/users\/2"}],"replies":[{"embeddable":true,"href":"https:\/\/story-to-go.com\/fr\/wp-json\/wp\/v2\/comments?post=11885"}],"version-history":[{"count":3,"href":"https:\/\/story-to-go.com\/fr\/wp-json\/wp\/v2\/pages\/11885\/revisions"}],"predecessor-version":[{"id":12985,"href":"https:\/\/story-to-go.com\/fr\/wp-json\/wp\/v2\/pages\/11885\/revisions\/12985"}],"up":[{"embeddable":true,"href":"https:\/\/story-to-go.com\/fr\/wp-json\/wp\/v2\/pages\/11872"}],"wp:attachment":[{"href":"https:\/\/story-to-go.com\/fr\/wp-json\/wp\/v2\/media?parent=11885"}],"curies":[{"name":"wp","href":"https:\/\/api.w.org\/{rel}","templated":true}]}}