{"id":17443,"date":"2023-03-02T15:37:33","date_gmt":"2023-03-02T14:37:33","guid":{"rendered":"https:\/\/story-to-go.com\/?page_id=17443"},"modified":"2023-10-04T10:21:20","modified_gmt":"2023-10-04T08:21:20","slug":"hopla","status":"publish","type":"page","link":"https:\/\/story-to-go.com\/fr\/concordia\/upgrade\/hopla\/","title":{"rendered":"Hopla"},"content":{"rendered":"\n<div style=\"height:60px\" aria-hidden=\"true\" class=\"wp-block-spacer\"><\/div>\n\n\n\n<h1 class=\"gb-headline gb-headline-b189a1a4 gb-headline-text\">Oups !<\/h1>\n\n\n\n<h2 class=\"gb-headline gb-headline-826791d0 gb-headline-text\">Quelque chose s\u2019est mal d\u00e9roul\u00e9\u2026<\/h2>\n\n\n\n<p>\u2026 le processus de paiement a \u00e9t\u00e9 interrompu avant la transmission de ton don. <\/p>\n\n\n\n<div style=\"height:51px\" aria-hidden=\"true\" class=\"wp-block-spacer\"><\/div>\n\n\n<p class=\"back-to-story-link\"><a href=\"\/web-stories\/concordia-upg-fr\/?dialoger=\">Retour \u00e0 l\u2019histoire<\/a><\/p>\n","protected":false},"excerpt":{"rendered":"<p>Oups ! Quelque chose s\u2019est mal d\u00e9roul\u00e9\u2026 \u2026 le processus de paiement a \u00e9t\u00e9 interrompu avant la transmission de ton don.<\/p>\n","protected":false},"author":2,"featured_media":0,"parent":17440,"menu_order":0,"comment_status":"closed","ping_status":"closed","template":"page-notice.php","meta":{"_acf_changed":false,"inline_featured_image":false,"_uag_custom_page_level_css":"","advgb_blocks_editor_width":"","advgb_blocks_columns_visual_guide":"","footnotes":""},"class_list":["post-17443","page","type-page","status-publish"],"acf":[],"uagb_featured_image_src":{"full":false,"thumbnail":false,"medium":false,"medium_large":false,"large":false,"1536x1536":false,"2048x2048":false,"web-stories-poster-portrait":false,"web-stories-publisher-logo":false,"web-stories-thumbnail":false},"uagb_author_info":{"display_name":"Dagmar Mandl-Werner","author_link":"https:\/\/story-to-go.com\/fr\/author\/dmandl\/"},"uagb_comment_info":0,"uagb_excerpt":"Oups ! Quelque chose s\u2019est mal d\u00e9roul\u00e9\u2026 \u2026 le processus de paiement a \u00e9t\u00e9 interrompu avant la transmission de ton don.","coauthors":[],"author_meta":{"author_link":"https:\/\/story-to-go.com\/fr\/author\/dmandl\/","display_name":"Dagmar Mandl-Werner"},"relative_dates":{"created":"Publi\u00e9 3 ans il y a","modified":"Mis \u00e0 jour 3 ans il y a"},"absolute_dates":{"created":"Publi\u00e9 le 2 mars 2023","modified":"Mise \u00e0 jour le 4 octobre 2023"},"absolute_dates_time":{"created":"Publi\u00e9 le 2 mars 2023 15h37","modified":"Mise \u00e0 jour le 4 octobre 2023 10h21"},"featured_img_caption":"","featured_img":false,"series_order":"","_links":{"self":[{"href":"https:\/\/story-to-go.com\/fr\/wp-json\/wp\/v2\/pages\/17443","targetHints":{"allow":["GET"]}}],"collection":[{"href":"https:\/\/story-to-go.com\/fr\/wp-json\/wp\/v2\/pages"}],"about":[{"href":"https:\/\/story-to-go.com\/fr\/wp-json\/wp\/v2\/types\/page"}],"author":[{"embeddable":true,"href":"https:\/\/story-to-go.com\/fr\/wp-json\/wp\/v2\/users\/2"}],"replies":[{"embeddable":true,"href":"https:\/\/story-to-go.com\/fr\/wp-json\/wp\/v2\/comments?post=17443"}],"version-history":[{"count":5,"href":"https:\/\/story-to-go.com\/fr\/wp-json\/wp\/v2\/pages\/17443\/revisions"}],"predecessor-version":[{"id":17451,"href":"https:\/\/story-to-go.com\/fr\/wp-json\/wp\/v2\/pages\/17443\/revisions\/17451"}],"up":[{"embeddable":true,"href":"https:\/\/story-to-go.com\/fr\/wp-json\/wp\/v2\/pages\/17440"}],"wp:attachment":[{"href":"https:\/\/story-to-go.com\/fr\/wp-json\/wp\/v2\/media?parent=17443"}],"curies":[{"name":"wp","href":"https:\/\/api.w.org\/{rel}","templated":true}]}}