{"id":19459,"date":"2024-02-29T08:11:53","date_gmt":"2024-02-29T07:11:53","guid":{"rendered":"https:\/\/story-to-go.com\/?page_id=19459"},"modified":"2024-02-29T08:18:31","modified_gmt":"2024-02-29T07:18:31","slug":"pro-juventute-d2d","status":"publish","type":"page","link":"https:\/\/story-to-go.com\/fr\/pro-juventute-d2d\/","title":{"rendered":"Pro Juventute D2D"},"content":{"rendered":"","protected":false},"excerpt":{"rendered":"","protected":false},"author":2,"featured_media":0,"parent":0,"menu_order":0,"comment_status":"closed","ping_status":"closed","template":"","meta":{"_acf_changed":false,"inline_featured_image":false,"_uag_custom_page_level_css":"","advgb_blocks_editor_width":"","advgb_blocks_columns_visual_guide":"","footnotes":""},"class_list":["post-19459","page","type-page","status-publish"],"acf":[],"uagb_featured_image_src":{"full":false,"thumbnail":false,"medium":false,"medium_large":false,"large":false,"1536x1536":false,"2048x2048":false,"web-stories-poster-portrait":false,"web-stories-publisher-logo":false,"web-stories-thumbnail":false},"uagb_author_info":{"display_name":"Dagmar Mandl-Werner","author_link":"https:\/\/story-to-go.com\/fr\/author\/dmandl\/"},"uagb_comment_info":0,"uagb_excerpt":null,"coauthors":[],"author_meta":{"author_link":"https:\/\/story-to-go.com\/fr\/author\/dmandl\/","display_name":"Dagmar Mandl-Werner"},"relative_dates":{"created":"Publi\u00e9 2 ans il y a","modified":"Mis \u00e0 jour 2 ans il y a"},"absolute_dates":{"created":"Publi\u00e9 le 29 f\u00e9vrier 2024","modified":"Mise \u00e0 jour le 29 f\u00e9vrier 2024"},"absolute_dates_time":{"created":"Publi\u00e9 le 29 f\u00e9vrier 2024 8h11","modified":"Mise \u00e0 jour le 29 f\u00e9vrier 2024 8h18"},"featured_img_caption":"","featured_img":false,"series_order":"","_links":{"self":[{"href":"https:\/\/story-to-go.com\/fr\/wp-json\/wp\/v2\/pages\/19459","targetHints":{"allow":["GET"]}}],"collection":[{"href":"https:\/\/story-to-go.com\/fr\/wp-json\/wp\/v2\/pages"}],"about":[{"href":"https:\/\/story-to-go.com\/fr\/wp-json\/wp\/v2\/types\/page"}],"author":[{"embeddable":true,"href":"https:\/\/story-to-go.com\/fr\/wp-json\/wp\/v2\/users\/2"}],"replies":[{"embeddable":true,"href":"https:\/\/story-to-go.com\/fr\/wp-json\/wp\/v2\/comments?post=19459"}],"version-history":[{"count":1,"href":"https:\/\/story-to-go.com\/fr\/wp-json\/wp\/v2\/pages\/19459\/revisions"}],"predecessor-version":[{"id":19461,"href":"https:\/\/story-to-go.com\/fr\/wp-json\/wp\/v2\/pages\/19459\/revisions\/19461"}],"wp:attachment":[{"href":"https:\/\/story-to-go.com\/fr\/wp-json\/wp\/v2\/media?parent=19459"}],"curies":[{"name":"wp","href":"https:\/\/api.w.org\/{rel}","templated":true}]}}