{"id":12165,"date":"2022-02-14T09:45:36","date_gmt":"2022-02-14T08:45:36","guid":{"rendered":"https:\/\/story-to-go.com\/?page_id=12165"},"modified":"2022-09-27T11:35:58","modified_gmt":"2022-09-27T09:35:58","slug":"impressum","status":"publish","type":"page","link":"https:\/\/story-to-go.com\/it\/impressum\/","title":{"rendered":"Impressum"},"content":{"rendered":"<div class=\"gb-container gb-container-85254e0e\"><div class=\"gb-inside-container\">\n\n<h2 class=\"gb-headline gb-headline-2b32db9c gb-headline-text\">Impressum<\/h2>\n\n\n\n<p>Corris AG<br>Hardturmstrasse 261<br>8005 Zurigo<br>Svizzera<\/p>\n\n\n\n<p>Tel.&nbsp;+41 44 563 88 88<br>Fax&nbsp;+41 44 563 88 99<br><a href=\"mailto:info@corris.com\">info@corris.com<\/a> <\/p>\n\n\n\n<p>rappresentata da Baldwin Bakker, Amministratore delegato<\/p>\n\n\n\n<p>Nr TVA. CHE-109.276.112<\/p>\n\n\n\n<p>\u00a9 Corris AG, Z\u00fcrich<\/p>\n\n\n\n<p><strong>Esclusione di responsabilit\u00e0<\/strong><\/p>\n\n\n\n<p>L\u2019autore non si assume alcuna responsabilit\u00e0 riguardo la correttezza, l\u2019esattezza, l\u2019attualit\u00e0, l\u2019attendibilit\u00e0 e la completezza delle informazioni. E esclusa qualsivoglia pretesa di responsabilit\u00e0 contro l\u2019autore a causa di danni materiali o immateriali risultanti dall\u2019accesso o dall\u2019utilizzo o dal non utilizzo delle informazioni pubblicate, dall\u2019abuso della connessione o da problemi tecnici. Le offerte non sono vincolanti. L\u2019autore si riserva espressamente il diritto di modificare parti di pagine o l\u2019intera offerta, completarle, cancellarle o cessarne momentaneamente o definitivamente la pubblicazione senza alcun preavviso.<\/p>\n\n\n\n<p><strong>Responsabilit\u00e0 per i collegamenti<\/strong><\/p>\n\n\n\n<p>Rinviie collegamenti a pagine internet di terzi si trovano fuori dalla nostra area di responsabilit\u00e0. Qualsivoglia i responsabilit\u00e0 per questi siti internet \u00e8 esclusa. L\u2019accesso e l\u2019utilizzo di detti siti avviene a rischio e pericolo degli utenti.<\/p>\n\n\n\n<p><strong>Diritti d\u2018autore<\/strong><\/p>\n\n\n\n<p>I diritti d\u2019autore e qualsivoglia altro diritto su contenuti, immagini, fotografie o altri dati sul sito internet appartengono esclusivamente a Corris AG o a proprietari esplicitamente menzionati. La riproduzione di qualsivoglia elemento necessita l\u2019approvazione scritta e preventiva dei detentori dei diritti d\u2019autore. Questa pagina internet \u00e8 stata creata in collaborazione con Spinas Voices GmbH, Zurigo.<\/p>\n\n<\/div><\/div>\n\n\n<p><\/p>\n","protected":false},"excerpt":{"rendered":"<p>Impressum Corris AGHardturmstrasse 2618005 ZurigoSvizzera Tel.&nbsp;+41 44 563 88 88Fax&nbsp;+41 44 563 88 99info@corris.com rappresentata da Baldwin Bakker, Amministratore delegato Nr TVA. CHE-109.276.112 \u00a9 Corris AG, Z\u00fcrich Esclusione di responsabilit\u00e0 L\u2019autore non si assume alcuna responsabilit\u00e0 riguardo la correttezza, l\u2019esattezza, l\u2019attualit\u00e0, l\u2019attendibilit\u00e0 e la completezza delle informazioni. E esclusa qualsivoglia pretesa di responsabilit\u00e0 contro l\u2019autore &#8230; <a title=\"Impressum\" class=\"read-more\" href=\"https:\/\/story-to-go.com\/it\/impressum\/\" aria-label=\"Per saperne di pi\u00f9 su Impressum\">Leggi tutto<\/a><\/p>\n","protected":false},"author":2,"featured_media":0,"parent":0,"menu_order":0,"comment_status":"closed","ping_status":"closed","template":"","meta":{"_acf_changed":false,"inline_featured_image":false,"_uag_custom_page_level_css":"","advgb_blocks_editor_width":"","advgb_blocks_columns_visual_guide":"","footnotes":""},"class_list":["post-12165","page","type-page","status-publish"],"acf":[],"uagb_featured_image_src":{"full":false,"thumbnail":false,"medium":false,"medium_large":false,"large":false,"1536x1536":false,"2048x2048":false,"web-stories-poster-portrait":false,"web-stories-publisher-logo":false,"web-stories-thumbnail":false},"uagb_author_info":{"display_name":"Dagmar Mandl-Werner","author_link":"https:\/\/story-to-go.com\/it\/author\/dmandl\/"},"uagb_comment_info":0,"uagb_excerpt":"Impressum Corris AGHardturmstrasse 2618005 ZurigoSvizzera Tel.&nbsp;+41 44 563 88 88Fax&nbsp;+41 44 563 88 99info@corris.com rappresentata da Baldwin Bakker, Amministratore delegato Nr TVA. CHE-109.276.112 \u00a9 Corris AG, Z\u00fcrich Esclusione di responsabilit\u00e0 L\u2019autore non si assume alcuna responsabilit\u00e0 riguardo la correttezza, l\u2019esattezza, l\u2019attualit\u00e0, l\u2019attendibilit\u00e0 e la completezza delle informazioni. E esclusa qualsivoglia pretesa di responsabilit\u00e0 contro l\u2019autore&hellip;","coauthors":[],"author_meta":{"author_link":"https:\/\/story-to-go.com\/it\/author\/dmandl\/","display_name":"Dagmar Mandl-Werner"},"relative_dates":{"created":"Pubblicato 4 anni fa","modified":"Aggiornato 4 anni fa"},"absolute_dates":{"created":"Pubblicato il 14 Febbraio 2022","modified":"Aggiornato il 27 Settembre 2022"},"absolute_dates_time":{"created":"Pubblicato il 14 Febbraio 2022 9:45","modified":"Aggiornato il 27 Settembre 2022 11:35"},"featured_img_caption":"","featured_img":false,"series_order":"","_links":{"self":[{"href":"https:\/\/story-to-go.com\/it\/wp-json\/wp\/v2\/pages\/12165","targetHints":{"allow":["GET"]}}],"collection":[{"href":"https:\/\/story-to-go.com\/it\/wp-json\/wp\/v2\/pages"}],"about":[{"href":"https:\/\/story-to-go.com\/it\/wp-json\/wp\/v2\/types\/page"}],"author":[{"embeddable":true,"href":"https:\/\/story-to-go.com\/it\/wp-json\/wp\/v2\/users\/2"}],"replies":[{"embeddable":true,"href":"https:\/\/story-to-go.com\/it\/wp-json\/wp\/v2\/comments?post=12165"}],"version-history":[{"count":1,"href":"https:\/\/story-to-go.com\/it\/wp-json\/wp\/v2\/pages\/12165\/revisions"}],"predecessor-version":[{"id":12166,"href":"https:\/\/story-to-go.com\/it\/wp-json\/wp\/v2\/pages\/12165\/revisions\/12166"}],"wp:attachment":[{"href":"https:\/\/story-to-go.com\/it\/wp-json\/wp\/v2\/media?parent=12165"}],"curies":[{"name":"wp","href":"https:\/\/api.w.org\/{rel}","templated":true}]}}